{"id":49,"date":"2019-04-22T17:49:52","date_gmt":"2019-04-22T17:49:52","guid":{"rendered":"https:\/\/kiin.com.mx\/en\/?page_id=49"},"modified":"2019-08-19T19:26:29","modified_gmt":"2019-08-19T19:26:29","slug":"representacion","status":"publish","type":"page","link":"https:\/\/kiin.com.mx\/en\/representacion\/","title":{"rendered":"Representaci\u00f3n"},"content":{"rendered":"<p>[et_pb_section fb_built=&#8221;1&#8243; fullwidth=&#8221;on&#8221; next_background_color=&#8221;#ffffff&#8221; _builder_version=&#8221;3.22.7&#8243; background_image=&#8221;https:\/\/kiin.com.mx\/en\/wp-content\/uploads\/sites\/4\/2019\/05\/Sarriguren_Egu\u0308e\u0301s_-_Parque_de_la_Innovacio\u0301n_de_Navarra-Enclave_Energi\u0301a_y_Medio_Ambiente_Centro_Nacional_de_Energi\u0301as_Renovables_CENER_3.jpg&#8221; bottom_divider_style=&#8221;ramp2&#8243; bottom_divider_height=&#8221;70px&#8221; bottom_divider_height__hover_enabled=&#8221;on&#8221;][et_pb_fullwidth_header title=&#8221;VINCULATION&#8221; subhead=&#8221;Taking care of nature is taking care of us&#8221; text_orientation=&#8221;center&#8221; button_one_text=&#8221;Contact us&#8221; button_one_url=&#8221;https:\/\/kiin.com.mx\/en\/contacto\/&#8221; content_max_width=&#8221;60%&#8221; content_max_width_tablet=&#8221;60%&#8221; content_max_width_phone=&#8221;100%&#8221; content_max_width_last_edited=&#8221;on|phone&#8221; _builder_version=&#8221;3.25.4&#8243; title_font=&#8221;Montserrat|700||on|||||&#8221; title_font_size=&#8221;36px&#8221; content_font=&#8221;Lato||||||||&#8221; content_font_size=&#8221;19px&#8221; subhead_font=&#8221;Montserrat|700||on|||||&#8221; subhead_font_size=&#8221;20px&#8221; background_color=&#8221;rgba(126,190,197,0)&#8221; use_background_color_gradient=&#8221;on&#8221; background_color_gradient_start=&#8221;#794150&#8243; background_color_gradient_end=&#8221;rgba(223,123,54,0.31)&#8221; background_color_gradient_direction=&#8221;89deg&#8221; background_color_gradient_overlays_image=&#8221;on&#8221; parallax=&#8221;on&#8221; custom_padding=&#8221;70px||100px||false&#8221; title_font_size_phone=&#8221;32px&#8221; title_font_size_last_edited=&#8221;on|phone&#8221; custom_css_subtitle=&#8221;margin-bottom:10px;&#8221;][\/et_pb_fullwidth_header][\/et_pb_section][et_pb_section fb_built=&#8221;1&#8243; _builder_version=&#8221;3.22.7&#8243; custom_padding=&#8221;0px||18px|||&#8221;][et_pb_row column_structure=&#8221;1_2,1_2&#8243; _builder_version=&#8221;3.25&#8243;][et_pb_column type=&#8221;1_2&#8243; _builder_version=&#8221;3.25&#8243; custom_padding=&#8221;|||&#8221; custom_padding__hover=&#8221;|||&#8221;][et_pb_image src=&#8221;https:\/\/kiin.com.mx\/en\/wp-content\/uploads\/sites\/4\/2019\/06\/tUpwvhYgvJpRtnSzoPqemzSrlibHqytjBkvqRxwwfkqGHLhsnVJHJBcJdMVCYLYZ.png&#8221; align=&#8221;center&#8221; align_tablet=&#8221;center&#8221; align_last_edited=&#8221;on|desktop&#8221; _builder_version=&#8221;3.23&#8243;][\/et_pb_image][\/et_pb_column][et_pb_column type=&#8221;1_2&#8243; _builder_version=&#8221;3.25&#8243; custom_padding=&#8221;|||&#8221; custom_padding__hover=&#8221;|||&#8221;][et_pb_text _builder_version=&#8221;3.25.4&#8243; text_font=&#8221;Montserrat||||||||&#8221; text_font_size=&#8221;26px&#8221; text_line_height=&#8221;1.2em&#8221; custom_padding=&#8221;79px|||||&#8221;]<\/p>\n<p>We are member of the Solar Energy Mexican Associtation\u00a0<\/p>\n<p><span style=\"font-weight: 400;\">(Asosiaci\u00f3n Mexicana de Energ\u00eda Solar)<\/span><\/p>\n<p>[\/et_pb_text][\/et_pb_column][\/et_pb_row][\/et_pb_section][et_pb_section fb_built=&#8221;1&#8243; _builder_version=&#8221;3.22.7&#8243; background_image=&#8221;https:\/\/kiin.com.mx\/en\/wp-content\/uploads\/sites\/4\/2019\/06\/fondoTri1.svg&#8221; background_size=&#8221;contain&#8221; background_position=&#8221;bottom_center&#8221; custom_padding=&#8221;||200px|||&#8221; bottom_divider_height=&#8221;69px&#8221;][et_pb_row custom_padding=&#8221;27px|0px|9px|0px|false|false&#8221; _builder_version=&#8221;3.25&#8243;][et_pb_column type=&#8221;4_4&#8243; _builder_version=&#8221;3.25&#8243; custom_padding=&#8221;|||&#8221; custom_padding__hover=&#8221;|||&#8221;][et_pb_text _builder_version=&#8221;3.25.4&#8243; text_font=&#8221;Montserrat|700|||||||&#8221; text_text_color=&#8221;#6d6d6d&#8221; text_font_size=&#8221;30px&#8221; text_orientation=&#8221;center&#8221;]<\/p>\n<p><img loading=\"lazy\" decoding=\"async\" src=\"https:\/\/kiin.com.mx\/en\/wp-content\/uploads\/sites\/4\/2019\/04\/cener-300x150.jpg\" width=\"300\" height=\"150\" alt=\"\" class=\"wp-image-203 alignnone size-medium\" srcset=\"https:\/\/kiin.com.mx\/en\/wp-content\/uploads\/sites\/4\/2019\/04\/cener-300x150.jpg 300w, https:\/\/kiin.com.mx\/en\/wp-content\/uploads\/sites\/4\/2019\/04\/cener-768x384.jpg 768w, https:\/\/kiin.com.mx\/en\/wp-content\/uploads\/sites\/4\/2019\/04\/cener.jpg 800w\" sizes=\"(max-width: 300px) 100vw, 300px\" \/><\/p>\n<p>[\/et_pb_text][et_pb_divider color=&#8221;#e09900&#8243; _builder_version=&#8221;3.22.7&#8243; max_width=&#8221;40%&#8221; max_width_phone=&#8221;94%&#8221; max_width_last_edited=&#8221;on|phone&#8221; module_alignment=&#8221;center&#8221;][\/et_pb_divider][\/et_pb_column][\/et_pb_row][et_pb_row column_structure=&#8221;3_5,2_5&#8243; custom_padding=&#8221;27px|0px|9px|0px|false|false&#8221; _builder_version=&#8221;3.25&#8243;][et_pb_column type=&#8221;3_5&#8243; _builder_version=&#8221;3.25&#8243; custom_padding=&#8221;|||&#8221; custom_padding__hover=&#8221;|||&#8221;][et_pb_text _builder_version=&#8221;3.25.4&#8243; text_font=&#8221;Montserrat||||||||&#8221; text_font_size=&#8221;18px&#8221;]<\/p>\n<p><span>From 2014, thanks to an institutional accord, Kiin Energy has collaborated in Mexico in depiction of the &#8216;Centro Nacional de Energ\u00edas Renovables de Espa\u00f1a (CENER)&#8217; in the implementation of the energy amendment and the growth of the renewable energies.<\/span><\/p>\n<p><span>CENER is a technology center that does research applied to renewable energies and gives tech support and consoulting to energy institutions and businesses in six areas:<\/span><\/p>\n<p><span>Wind, Solar Thermal and Solar Photovoltaic, Biomass, Efficiency and Energy Generation in Buildings and Urban [pending] and Energy Grid Integration.<\/span><\/p>\n<p>[\/et_pb_text][\/et_pb_column][et_pb_column type=&#8221;2_5&#8243; _builder_version=&#8221;3.25&#8243; custom_padding=&#8221;|||&#8221; custom_padding__hover=&#8221;|||&#8221;][et_pb_image src=&#8221;https:\/\/kiin.com.mx\/en\/wp-content\/uploads\/sites\/4\/2019\/05\/cener-mexico.jpg&#8221; align_tablet=&#8221;center&#8221; align_last_edited=&#8221;on|desktop&#8221; _builder_version=&#8221;3.23&#8243; border_radii=&#8221;on|8px|8px|8px|8px&#8221; box_shadow_style=&#8221;preset3&#8243;][\/et_pb_image][et_pb_button button_url=&#8221;http:\/\/www.cener.com\/&#8221; url_new_window=&#8221;on&#8221; button_text=&#8221;Ver Sitio Web&#8221; _builder_version=&#8221;3.19.10&#8243; custom_button=&#8221;on&#8221; button_text_color=&#8221;#e09900&#8243; button_font=&#8221;||||||||&#8221;][\/et_pb_button][\/et_pb_column][\/et_pb_row][et_pb_row custom_padding=&#8221;93px|0px|9px|0px|false|false&#8221; _builder_version=&#8221;3.25&#8243;][et_pb_column type=&#8221;4_4&#8243; _builder_version=&#8221;3.25&#8243; custom_padding=&#8221;|||&#8221; custom_padding__hover=&#8221;|||&#8221;][et_pb_text _builder_version=&#8221;3.25.4&#8243; text_font=&#8221;Montserrat|700|||||||&#8221; text_text_color=&#8221;#6d6d6d&#8221; text_font_size=&#8221;30px&#8221; text_orientation=&#8221;center&#8221;]<\/p>\n<p>RESEARCH AREAS<\/p>\n<p>[\/et_pb_text][et_pb_divider color=&#8221;#e09900&#8243; _builder_version=&#8221;3.19.10&#8243; max_width=&#8221;40%&#8221; module_alignment=&#8221;center&#8221;][\/et_pb_divider][\/et_pb_column][\/et_pb_row][et_pb_row column_structure=&#8221;1_3,1_3,1_3&#8243; _builder_version=&#8221;3.25&#8243;][et_pb_column type=&#8221;1_3&#8243; _builder_version=&#8221;3.25&#8243; custom_padding=&#8221;|||&#8221; custom_padding__hover=&#8221;|||&#8221;][et_pb_blurb title=&#8221;Solar Photovoltaic&#8221; image=&#8221;https:\/\/kiin.com.mx\/en\/wp-content\/uploads\/sites\/4\/2019\/05\/027-solar-panel.svg&#8221; image_max_width=&#8221;20%&#8221; _builder_version=&#8221;3.25.4&#8243; background_color=&#8221;#f9f9f9&#8243; background_color_gradient_direction=&#8221;151deg&#8221; border_radii=&#8221;on|9px|9px|9px|9px&#8221; border_width_all=&#8221;5px&#8221; border_color_all=&#8221;#ffffff&#8221; box_shadow_style=&#8221;preset3&#8243; text_orientation=&#8221;center&#8221; custom_padding=&#8221;20px||20px||true&#8221;][\/et_pb_blurb][et_pb_blurb title=&#8221;Biomass Energy&#8221; image=&#8221;https:\/\/kiin.com.mx\/en\/wp-content\/uploads\/sites\/4\/2019\/05\/oil.svg&#8221; image_max_width=&#8221;20%&#8221; _builder_version=&#8221;3.25.4&#8243; background_color=&#8221;#f9f9f9&#8243; background_color_gradient_direction=&#8221;151deg&#8221; border_radii=&#8221;on|9px|9px|9px|9px&#8221; border_width_all=&#8221;5px&#8221; border_color_all=&#8221;#ffffff&#8221; box_shadow_style=&#8221;preset3&#8243; text_orientation=&#8221;center&#8221; custom_padding=&#8221;20px||20px||true&#8221;][\/et_pb_blurb][\/et_pb_column][et_pb_column type=&#8221;1_3&#8243; _builder_version=&#8221;3.25&#8243; custom_padding=&#8221;|||&#8221; custom_padding__hover=&#8221;|||&#8221;][et_pb_blurb title=&#8221;Solar Thermal&#8221; image=&#8221;https:\/\/kiin.com.mx\/en\/wp-content\/uploads\/sites\/4\/2019\/05\/029-sun.svg&#8221; image_max_width=&#8221;20%&#8221; _builder_version=&#8221;3.25.4&#8243; background_color=&#8221;#f9f9f9&#8243; background_color_gradient_direction=&#8221;151deg&#8221; border_radii=&#8221;on|9px|9px|9px|9px&#8221; border_width_all=&#8221;5px&#8221; border_color_all=&#8221;#ffffff&#8221; box_shadow_style=&#8221;preset3&#8243; text_orientation=&#8221;center&#8221; custom_padding=&#8221;20px||20px||true&#8221;][\/et_pb_blurb][et_pb_blurb title=&#8221;Renewable energy grid integration&#8221; image=&#8221;https:\/\/kiin.com.mx\/en\/wp-content\/uploads\/sites\/4\/2019\/05\/ammeter.svg&#8221; image_max_width=&#8221;20%&#8221; _builder_version=&#8221;3.25.4&#8243; background_color=&#8221;#f9f9f9&#8243; background_color_gradient_direction=&#8221;151deg&#8221; border_radii=&#8221;on|9px|9px|9px|9px&#8221; border_width_all=&#8221;5px&#8221; border_color_all=&#8221;#ffffff&#8221; box_shadow_style=&#8221;preset3&#8243; text_orientation=&#8221;center&#8221; custom_padding=&#8221;20px||20px||true&#8221;][\/et_pb_blurb][\/et_pb_column][et_pb_column type=&#8221;1_3&#8243; _builder_version=&#8221;3.25&#8243; custom_padding=&#8221;|||&#8221; custom_padding__hover=&#8221;|||&#8221;][et_pb_blurb title=&#8221;Wind Energy&#8221; image=&#8221;https:\/\/kiin.com.mx\/en\/wp-content\/uploads\/sites\/4\/2019\/05\/wind-engine.svg&#8221; image_max_width=&#8221;20%&#8221; _builder_version=&#8221;3.25.4&#8243; background_color=&#8221;#f9f9f9&#8243; background_color_gradient_direction=&#8221;151deg&#8221; border_radii=&#8221;on|9px|9px|9px|9px&#8221; border_width_all=&#8221;5px&#8221; border_color_all=&#8221;#ffffff&#8221; box_shadow_style=&#8221;preset3&#8243; text_orientation=&#8221;center&#8221; custom_padding=&#8221;20px||20px||true&#8221;][\/et_pb_blurb][et_pb_blurb title=&#8221;Energy Efficiency&#8221; image=&#8221;https:\/\/kiin.com.mx\/en\/wp-content\/uploads\/sites\/4\/2019\/05\/010-led-light.svg&#8221; image_max_width=&#8221;20%&#8221; _builder_version=&#8221;3.25.4&#8243; background_color=&#8221;#f9f9f9&#8243; background_color_gradient_direction=&#8221;151deg&#8221; border_radii=&#8221;on|9px|9px|9px|9px&#8221; border_width_all=&#8221;5px&#8221; border_color_all=&#8221;#ffffff&#8221; box_shadow_style=&#8221;preset3&#8243; text_orientation=&#8221;center&#8221; custom_padding=&#8221;20px||20px||true&#8221;][\/et_pb_blurb][\/et_pb_column][\/et_pb_row][et_pb_row custom_padding=&#8221;93px|0px|9px|0px|false|false&#8221; _builder_version=&#8221;3.25&#8243;][et_pb_column type=&#8221;4_4&#8243; _builder_version=&#8221;3.25&#8243; custom_padding=&#8221;|||&#8221; custom_padding__hover=&#8221;|||&#8221;][et_pb_text _builder_version=&#8221;3.22.7&#8243; text_font=&#8221;Montserrat|700|||||||&#8221; text_text_color=&#8221;#6d6d6d&#8221; text_font_size=&#8221;30px&#8221; text_orientation=&#8221;center&#8221;]<\/p>\n<p>CEMIES<\/p>\n<p>[\/et_pb_text][et_pb_divider color=&#8221;#e09900&#8243; _builder_version=&#8221;3.19.10&#8243; max_width=&#8221;40%&#8221; module_alignment=&#8221;center&#8221;][\/et_pb_divider][et_pb_text _builder_version=&#8221;3.25.4&#8243; text_font=&#8221;Montserrat||||||||&#8221; text_font_size=&#8221;16px&#8221; text_orientation=&#8221;center&#8221; max_width=&#8221;60%&#8221; module_alignment=&#8221;center&#8221;]<\/p>\n<p style=\"text-align: center;\"><span>Kiin Energy in collaboration with CENER, the Energy Secretariat (SENER) and CONACYT through the Energy Sustainability Fund, collaborated in the shaping of the Mexican Centers of the Energy Innovation (CEMIES).<\/span><\/p>\n<p><span>The CEMIES have as a goal, to grow the applied research, the technological development, innovation and the deployment of products and services. Focused to strengthen the renewable energies market.<\/span><\/p>\n<p>[\/et_pb_text][\/et_pb_column][\/et_pb_row][et_pb_row column_structure=&#8221;1_3,1_3,1_3&#8243; _builder_version=&#8221;3.25&#8243;][et_pb_column type=&#8221;1_3&#8243; _builder_version=&#8221;3.25&#8243; custom_padding=&#8221;|||&#8221; custom_padding__hover=&#8221;|||&#8221;][et_pb_image src=&#8221;https:\/\/kiin.com.mx\/en\/wp-content\/uploads\/sites\/4\/2019\/05\/cemies-sol.png&#8221; align_tablet=&#8221;center&#8221; align_last_edited=&#8221;on|desktop&#8221; _builder_version=&#8221;3.23&#8243;][\/et_pb_image][et_pb_image src=&#8221;https:\/\/kiin.com.mx\/en\/wp-content\/uploads\/sites\/4\/2019\/05\/cemie-geo.png&#8221; align_tablet=&#8221;center&#8221; align_last_edited=&#8221;on|desktop&#8221; _builder_version=&#8221;3.23&#8243;][\/et_pb_image][\/et_pb_column][et_pb_column type=&#8221;1_3&#8243; _builder_version=&#8221;3.25&#8243; custom_padding=&#8221;|||&#8221; custom_padding__hover=&#8221;|||&#8221;][et_pb_image src=&#8221;https:\/\/kiin.com.mx\/en\/wp-content\/uploads\/sites\/4\/2019\/05\/cemies-eolico.png&#8221; align_tablet=&#8221;center&#8221; align_last_edited=&#8221;on|desktop&#8221; _builder_version=&#8221;3.23&#8243;][\/et_pb_image][et_pb_image src=&#8221;https:\/\/kiin.com.mx\/en\/wp-content\/uploads\/sites\/4\/2019\/05\/cemie-bio.png&#8221; align_tablet=&#8221;center&#8221; align_last_edited=&#8221;on|desktop&#8221; _builder_version=&#8221;3.23&#8243;][\/et_pb_image][\/et_pb_column][et_pb_column type=&#8221;1_3&#8243; _builder_version=&#8221;3.25&#8243; custom_padding=&#8221;|||&#8221; custom_padding__hover=&#8221;|||&#8221;][et_pb_image src=&#8221;https:\/\/kiin.com.mx\/en\/wp-content\/uploads\/sites\/4\/2019\/05\/cemie-oceano.png&#8221; align_tablet=&#8221;center&#8221; align_last_edited=&#8221;on|desktop&#8221; _builder_version=&#8221;3.23&#8243;][\/et_pb_image][et_pb_image src=&#8221;https:\/\/kiin.com.mx\/en\/wp-content\/uploads\/sites\/4\/2019\/08\/LOGO-CONACYT-1.png&#8221; align_tablet=&#8221;center&#8221; align_last_edited=&#8221;on|desktop&#8221; _builder_version=&#8221;3.25.4&#8243;][\/et_pb_image][\/et_pb_column][\/et_pb_row][et_pb_row column_structure=&#8221;1_3,2_3&#8243; custom_padding=&#8221;27px|0px|53px|0px|false|false&#8221; _builder_version=&#8221;3.25&#8243; border_width_top=&#8221;1px&#8221; border_color_top=&#8221;#eaeaea&#8221;][et_pb_column type=&#8221;1_3&#8243; _builder_version=&#8221;3.25&#8243; custom_padding=&#8221;|||&#8221; custom_padding__hover=&#8221;|||&#8221;][et_pb_image src=&#8221;https:\/\/kiin.com.mx\/en\/wp-content\/uploads\/sites\/4\/2019\/05\/BID.png&#8221; show_bottom_space=&#8221;off&#8221; align_tablet=&#8221;center&#8221; align_last_edited=&#8221;on|desktop&#8221; _builder_version=&#8221;3.25.4&#8243; custom_margin_phone=&#8221;60px||-40px&#8221; custom_margin_last_edited=&#8221;on|desktop&#8221;][\/et_pb_image][\/et_pb_column][et_pb_column type=&#8221;2_3&#8243; _builder_version=&#8221;3.25&#8243; custom_padding=&#8221;|||&#8221; custom_padding__hover=&#8221;|||&#8221;][et_pb_text _builder_version=&#8221;3.25.4&#8243; text_font=&#8221;Montserrat||||||||&#8221; text_font_size=&#8221;20px&#8221; custom_margin=&#8221;60px||&#8221;]<\/p>\n<p><span>In partnership with the EIN group from Spain, Kiin Energy participated in a committe conformed by the Interamerican Development Bank (IDB) and relevant people from the energy sector, public and private in the project called &#8220;POL\u00cdTICAS P\u00daBLICAS PARA MAXIMIZAR LOS BENEFICIOS LOCALES DE PROYECTOS E\u00d3LICOS EN M\u00c9XICO&#8221; which its goal is to generate elements that allows the different government orders a better design and implementation of public policies in the energy field, associated to:<\/span><\/p>\n<p><span><\/span><\/p>\n<ul>\n<li><span>Social Impact<\/span><\/li>\n<li><span>Environmental Impact<\/span><\/li>\n<\/ul>\n<p>[\/et_pb_text][\/et_pb_column][\/et_pb_row][et_pb_row column_structure=&#8221;1_2,1_2&#8243; _builder_version=&#8221;3.25.4&#8243;][et_pb_column type=&#8221;1_2&#8243; _builder_version=&#8221;3.25&#8243; custom_padding=&#8221;|||&#8221; custom_padding__hover=&#8221;|||&#8221;][et_pb_image src=&#8221;http:\/\/wegp.unam.mx\/assets\/1\/img\/3_FSE.png&#8221; align_tablet=&#8221;center&#8221; align_last_edited=&#8221;on|desktop&#8221; _builder_version=&#8221;3.23&#8243; max_width=&#8221;400px&#8221; module_alignment=&#8221;center&#8221;][\/et_pb_image][\/et_pb_column][et_pb_column type=&#8221;1_2&#8243; _builder_version=&#8221;3.25&#8243; custom_padding=&#8221;|||&#8221; custom_padding__hover=&#8221;|||&#8221;][et_pb_image src=&#8221;https:\/\/kiin.com.mx\/en\/wp-content\/uploads\/sites\/4\/2019\/08\/logo-sener.jpg&#8221; align_tablet=&#8221;center&#8221; align_last_edited=&#8221;on|desktop&#8221; _builder_version=&#8221;3.25.4&#8243; max_width=&#8221;400px&#8221; module_alignment=&#8221;center&#8221;][\/et_pb_image][\/et_pb_column][\/et_pb_row][\/et_pb_section]<\/p>\n","protected":false},"excerpt":{"rendered":"<p>We are member of the Solar Energy Mexican Associtation\u00a0 (Asosiaci\u00f3n Mexicana de Energ\u00eda Solar) From 2014, thanks to an institutional accord, Kiin Energy has collaborated in Mexico in depiction of the &#8216;Centro Nacional de Energ\u00edas Renovables de Espa\u00f1a (CENER)&#8217; in the implementation of the energy amendment and the growth of the renewable energies. CENER is [&hellip;]<\/p>\n","protected":false},"author":1,"featured_media":0,"parent":0,"menu_order":0,"comment_status":"closed","ping_status":"closed","template":"","meta":{"_acf_changed":false,"pgc_meta":"","_et_pb_use_builder":"on","_et_pb_old_content":"<!-- wp:divi\/placeholder \/-->","_et_gb_content_width":"","_joinchat":[],"footnotes":""},"class_list":["post-49","page","type-page","status-publish","hentry"],"acf":[],"pgc_meta":"","yoast_head":"<!-- This site is optimized with the Yoast SEO plugin v24.5 - https:\/\/yoast.com\/wordpress\/plugins\/seo\/ -->\n<title>Representaci\u00f3n - Kiin Energy | Sustainable Energy Technology<\/title>\n<meta name=\"robots\" content=\"index, follow, max-snippet:-1, max-image-preview:large, max-video-preview:-1\" \/>\n<link rel=\"canonical\" href=\"https:\/\/kiin.com.mx\/en\/representacion\/\" \/>\n<meta property=\"og:locale\" content=\"es_MX\" \/>\n<meta property=\"og:type\" content=\"article\" \/>\n<meta property=\"og:title\" content=\"Representaci\u00f3n - Kiin Energy | Sustainable Energy Technology\" \/>\n<meta property=\"og:description\" content=\"We are member of the Solar Energy Mexican Associtation\u00a0 (Asosiaci\u00f3n Mexicana de Energ\u00eda Solar) From 2014, thanks to an institutional accord, Kiin Energy has collaborated in Mexico in depiction of the &#039;Centro Nacional de Energ\u00edas Renovables de Espa\u00f1a (CENER)&#039; in the implementation of the energy amendment and the growth of the renewable energies. CENER is [&hellip;]\" \/>\n<meta property=\"og:url\" content=\"https:\/\/kiin.com.mx\/en\/representacion\/\" \/>\n<meta property=\"og:site_name\" content=\"Kiin Energy | Sustainable Energy Technology\" \/>\n<meta property=\"article:modified_time\" content=\"2019-08-19T19:26:29+00:00\" \/>\n<meta property=\"og:image\" content=\"https:\/\/kiin.com.mx\/en\/wp-content\/uploads\/sites\/4\/2019\/04\/cener.jpg\" \/>\n\t<meta property=\"og:image:width\" content=\"800\" \/>\n\t<meta property=\"og:image:height\" content=\"400\" \/>\n\t<meta property=\"og:image:type\" content=\"image\/jpeg\" \/>\n<meta name=\"twitter:card\" content=\"summary_large_image\" \/>\n<meta name=\"twitter:label1\" content=\"Tiempo de lectura\" \/>\n\t<meta name=\"twitter:data1\" content=\"9 minutos\" \/>\n<script type=\"application\/ld+json\" class=\"yoast-schema-graph\">{\"@context\":\"https:\/\/schema.org\",\"@graph\":[{\"@type\":\"WebPage\",\"@id\":\"https:\/\/kiin.com.mx\/en\/representacion\/\",\"url\":\"https:\/\/kiin.com.mx\/en\/representacion\/\",\"name\":\"Representaci\u00f3n - Kiin Energy | Sustainable Energy Technology\",\"isPartOf\":{\"@id\":\"https:\/\/kiin.com.mx\/en\/#website\"},\"primaryImageOfPage\":{\"@id\":\"https:\/\/kiin.com.mx\/en\/representacion\/#primaryimage\"},\"image\":{\"@id\":\"https:\/\/kiin.com.mx\/en\/representacion\/#primaryimage\"},\"thumbnailUrl\":\"https:\/\/kiin.com.mx\/en\/wp-content\/uploads\/sites\/4\/2019\/04\/cener-300x150.jpg\",\"datePublished\":\"2019-04-22T17:49:52+00:00\",\"dateModified\":\"2019-08-19T19:26:29+00:00\",\"breadcrumb\":{\"@id\":\"https:\/\/kiin.com.mx\/en\/representacion\/#breadcrumb\"},\"inLanguage\":\"es\",\"potentialAction\":[{\"@type\":\"ReadAction\",\"target\":[\"https:\/\/kiin.com.mx\/en\/representacion\/\"]}]},{\"@type\":\"ImageObject\",\"inLanguage\":\"es\",\"@id\":\"https:\/\/kiin.com.mx\/en\/representacion\/#primaryimage\",\"url\":\"https:\/\/kiin.com.mx\/en\/wp-content\/uploads\/sites\/4\/2019\/04\/cener.jpg\",\"contentUrl\":\"https:\/\/kiin.com.mx\/en\/wp-content\/uploads\/sites\/4\/2019\/04\/cener.jpg\",\"width\":800,\"height\":400},{\"@type\":\"BreadcrumbList\",\"@id\":\"https:\/\/kiin.com.mx\/en\/representacion\/#breadcrumb\",\"itemListElement\":[{\"@type\":\"ListItem\",\"position\":1,\"name\":\"Inicio\",\"item\":\"https:\/\/kiin.com.mx\/en\/\"},{\"@type\":\"ListItem\",\"position\":2,\"name\":\"Representaci\u00f3n\"}]},{\"@type\":\"WebSite\",\"@id\":\"https:\/\/kiin.com.mx\/en\/#website\",\"url\":\"https:\/\/kiin.com.mx\/en\/\",\"name\":\"Kiin Energy | Sustainable Energy Technology\",\"description\":\"Sustainable Energy Technology\",\"potentialAction\":[{\"@type\":\"SearchAction\",\"target\":{\"@type\":\"EntryPoint\",\"urlTemplate\":\"https:\/\/kiin.com.mx\/en\/?s={search_term_string}\"},\"query-input\":{\"@type\":\"PropertyValueSpecification\",\"valueRequired\":true,\"valueName\":\"search_term_string\"}}],\"inLanguage\":\"es\"}]}<\/script>\n<!-- \/ Yoast SEO plugin. -->","yoast_head_json":{"title":"Representaci\u00f3n - Kiin Energy | Sustainable Energy Technology","robots":{"index":"index","follow":"follow","max-snippet":"max-snippet:-1","max-image-preview":"max-image-preview:large","max-video-preview":"max-video-preview:-1"},"canonical":"https:\/\/kiin.com.mx\/en\/representacion\/","og_locale":"es_MX","og_type":"article","og_title":"Representaci\u00f3n - Kiin Energy | Sustainable Energy Technology","og_description":"We are member of the Solar Energy Mexican Associtation\u00a0 (Asosiaci\u00f3n Mexicana de Energ\u00eda Solar) From 2014, thanks to an institutional accord, Kiin Energy has collaborated in Mexico in depiction of the 'Centro Nacional de Energ\u00edas Renovables de Espa\u00f1a (CENER)' in the implementation of the energy amendment and the growth of the renewable energies. CENER is [&hellip;]","og_url":"https:\/\/kiin.com.mx\/en\/representacion\/","og_site_name":"Kiin Energy | Sustainable Energy Technology","article_modified_time":"2019-08-19T19:26:29+00:00","og_image":[{"width":800,"height":400,"url":"https:\/\/kiin.com.mx\/en\/wp-content\/uploads\/sites\/4\/2019\/04\/cener.jpg","type":"image\/jpeg"}],"twitter_card":"summary_large_image","twitter_misc":{"Tiempo de lectura":"9 minutos"},"schema":{"@context":"https:\/\/schema.org","@graph":[{"@type":"WebPage","@id":"https:\/\/kiin.com.mx\/en\/representacion\/","url":"https:\/\/kiin.com.mx\/en\/representacion\/","name":"Representaci\u00f3n - Kiin Energy | Sustainable Energy Technology","isPartOf":{"@id":"https:\/\/kiin.com.mx\/en\/#website"},"primaryImageOfPage":{"@id":"https:\/\/kiin.com.mx\/en\/representacion\/#primaryimage"},"image":{"@id":"https:\/\/kiin.com.mx\/en\/representacion\/#primaryimage"},"thumbnailUrl":"https:\/\/kiin.com.mx\/en\/wp-content\/uploads\/sites\/4\/2019\/04\/cener-300x150.jpg","datePublished":"2019-04-22T17:49:52+00:00","dateModified":"2019-08-19T19:26:29+00:00","breadcrumb":{"@id":"https:\/\/kiin.com.mx\/en\/representacion\/#breadcrumb"},"inLanguage":"es","potentialAction":[{"@type":"ReadAction","target":["https:\/\/kiin.com.mx\/en\/representacion\/"]}]},{"@type":"ImageObject","inLanguage":"es","@id":"https:\/\/kiin.com.mx\/en\/representacion\/#primaryimage","url":"https:\/\/kiin.com.mx\/en\/wp-content\/uploads\/sites\/4\/2019\/04\/cener.jpg","contentUrl":"https:\/\/kiin.com.mx\/en\/wp-content\/uploads\/sites\/4\/2019\/04\/cener.jpg","width":800,"height":400},{"@type":"BreadcrumbList","@id":"https:\/\/kiin.com.mx\/en\/representacion\/#breadcrumb","itemListElement":[{"@type":"ListItem","position":1,"name":"Inicio","item":"https:\/\/kiin.com.mx\/en\/"},{"@type":"ListItem","position":2,"name":"Representaci\u00f3n"}]},{"@type":"WebSite","@id":"https:\/\/kiin.com.mx\/en\/#website","url":"https:\/\/kiin.com.mx\/en\/","name":"Kiin Energy | Sustainable Energy Technology","description":"Sustainable Energy Technology","potentialAction":[{"@type":"SearchAction","target":{"@type":"EntryPoint","urlTemplate":"https:\/\/kiin.com.mx\/en\/?s={search_term_string}"},"query-input":{"@type":"PropertyValueSpecification","valueRequired":true,"valueName":"search_term_string"}}],"inLanguage":"es"}]}},"_links":{"self":[{"href":"https:\/\/kiin.com.mx\/en\/wp-json\/wp\/v2\/pages\/49","targetHints":{"allow":["GET"]}}],"collection":[{"href":"https:\/\/kiin.com.mx\/en\/wp-json\/wp\/v2\/pages"}],"about":[{"href":"https:\/\/kiin.com.mx\/en\/wp-json\/wp\/v2\/types\/page"}],"author":[{"embeddable":true,"href":"https:\/\/kiin.com.mx\/en\/wp-json\/wp\/v2\/users\/1"}],"replies":[{"embeddable":true,"href":"https:\/\/kiin.com.mx\/en\/wp-json\/wp\/v2\/comments?post=49"}],"version-history":[{"count":25,"href":"https:\/\/kiin.com.mx\/en\/wp-json\/wp\/v2\/pages\/49\/revisions"}],"predecessor-version":[{"id":1674,"href":"https:\/\/kiin.com.mx\/en\/wp-json\/wp\/v2\/pages\/49\/revisions\/1674"}],"wp:attachment":[{"href":"https:\/\/kiin.com.mx\/en\/wp-json\/wp\/v2\/media?parent=49"}],"curies":[{"name":"wp","href":"https:\/\/api.w.org\/{rel}","templated":true}]}}