{"id":966,"date":"2019-05-20T06:43:06","date_gmt":"2019-05-20T06:43:06","guid":{"rendered":"https:\/\/kiin.com.mx\/en\/?page_id=966"},"modified":"2019-05-20T06:55:37","modified_gmt":"2019-05-20T06:55:37","slug":"preguntas-frecuentes","status":"publish","type":"page","link":"https:\/\/kiin.com.mx\/en\/preguntas-frecuentes\/","title":{"rendered":"Preguntas Frecuentes"},"content":{"rendered":"\n[et_pb_section fb_built=&#8221;1&#8243; fullwidth=&#8221;on&#8221; next_background_color=&#8221;#ffffff&#8221; _builder_version=&#8221;3.19.10&#8243; background_image=&#8221;https:\/\/kiin.com.mx\/en\/wp-content\/uploads\/sites\/4\/2019\/04\/alternative-alternative-energy-clean-energy-421888.jpg&#8221; parallax=&#8221;on&#8221; bottom_divider_style=&#8221;wave2&#8243;][et_pb_fullwidth_header title=&#8221;PREGUNTAS FRECUENTES&#8221; subhead=&#8221;FAQ&#8217;s&#8221; text_orientation=&#8221;center&#8221; content_max_width=&#8221;60%&#8221; content_max_width_tablet=&#8221;60%&#8221; content_max_width_phone=&#8221;100%&#8221; content_max_width_last_edited=&#8221;on|phone&#8221; _builder_version=&#8221;3.19.10&#8243; title_font=&#8221;Montserrat|700||on|||||&#8221; title_font_size=&#8221;36px&#8221; content_font=&#8221;Lato||||||||&#8221; content_font_size=&#8221;19px&#8221; subhead_font=&#8221;Montserrat|700||on|||||&#8221; subhead_font_size=&#8221;20px&#8221; background_color=&#8221;rgba(126,190,197,0)&#8221; use_background_color_gradient=&#8221;on&#8221; background_color_gradient_start=&#8221;#794150&#8243; background_color_gradient_end=&#8221;rgba(223,123,54,0.7)&#8221; background_color_gradient_direction=&#8221;154deg&#8221; background_color_gradient_overlays_image=&#8221;on&#8221; parallax=&#8221;on&#8221; custom_padding=&#8221;70px||100px||false&#8221; custom_css_subtitle=&#8221;margin-bottom:10px;&#8221;][\/et_pb_fullwidth_header][\/et_pb_section][et_pb_section fb_built=&#8221;1&#8243; _builder_version=&#8221;3.19.10&#8243; bottom_divider_style=&#8221;wave2&#8243; bottom_divider_height=&#8221;80px&#8221; next_background_color=&#8221;#232323&#8243;][et_pb_row _builder_version=&#8221;3.19.10&#8243; custom_padding=&#8221;27px|0px|96px|0px|false|false&#8221;][et_pb_column type=&#8221;4_4&#8243; _builder_version=&#8221;3.19.10&#8243; parallax=&#8221;off&#8221; parallax_method=&#8221;on&#8221;][et_pb_text text_font_size=&#8221;16px&#8221; _builder_version=&#8221;3.19.10&#8243; text_font=&#8221;Montserrat||||||||&#8221;]<p><strong>1. \u00bfPor qu\u00e9 necesitan mi recibo para realizar la cotizaci\u00f3n?<\/strong><br \/> &#8211; Necesitamos su recibo para ver el historial de consumo energ\u00e9tico y poder proponer un sistema que se adec\u00fae a sus necesidades.<\/p>\n<p><strong>2. \u00bfPor qu\u00e9 est\u00e1n aliados con Costco?<\/strong><br \/> a. Gracias a nuestra alta calidad en nuestros productos, nuestras certificaciones en nuestro equipo de instalaci\u00f3n y a nuestro seguimiento personalizado a cada cliente.<\/p>\n<p><strong>3. \u00bfQu\u00e9 marcas de inversores y paneles manejan?<\/strong><br \/> a. Las marcas que manejamos en paneles solares son las top 5 de la lista Tier 1 de Bloomberg:<br \/> i. Canadian Solar \/ Trina Solar \/ Jinko Solar \/ JA Solar<br \/> b. La marca de inversores solares es:<br \/> i. Huawei<br \/> c. La marca de micro inversores es:<br \/> i. APS<\/p>\n<p><strong>4. \u00bfEstos sistemas se pueden modificar en el futuro si cambio mi consumo?<\/strong><br \/> &#8211; Si tu consumo de luz aumenta, se puede modificar el sistema agregando m\u00f3dulos solares para ajustarlo a tus necesidades.<\/p>\n<p><strong>5. \u00bfLa lluvia o el granizo pueden da\u00f1ar el sistema?<\/strong><br \/> &#8211; Los paneles solares est\u00e1n dise\u00f1ados y fabricados para estar expuestos a la intemperie y pueden soportar lluvias, granizo, viento y nieve por lo que no tendr\u00e1s que preocuparte por eso.<\/p>\n<p><strong>6. \u00bfNecesito bater\u00edas para almacenar la electricidad generada por los paneles?<\/strong><br \/> &#8211; No se necesitan las bater\u00edas ya que, con el sistema de interconexi\u00f3n de CFE, toda la energ\u00eda que produzcas de m\u00e1s se va a almacenar.<\/p>\n<p><strong>7. \u00bfC\u00f3mo funciona el medidor bidireccional?<\/strong><br \/> &#8211; Un medidor bidireccional adem\u00e1s de poder medir el consumo de energ\u00eda el\u00e9ctrica girando en el sentido normal puede girar de manera contraria, haciendo posible que la CFE reste a nuestro recibo la energ\u00eda que estamos generando y sume a nuestro favor la energ\u00eda que se produzca de m\u00e1s.<\/p>\n<p><strong>8. \u00bfQu\u00e9 diferencia a Kiin Energy de la competencia?<\/strong><br \/> a. Siempre estamos en constante evoluci\u00f3n por lo que le brindamos a cada uno de nuestros clientes los productos de mayor calidad y a la vanguardia a nivel internacional, junto con nuestro equipo capacitado para brindar el mejor servicio de instalaci\u00f3n y atenci\u00f3n a cada uno de nuestros clientes.<\/p>\n<p><strong>9. \u00bfC\u00f3mo puedo cotizar?<\/strong><br \/> &#8211; Contacta a uno de nuestros asesores de ventas y env\u00eda tu recibo de luz m\u00e1s reciente, el se pondr\u00e1 en contacto contigo para enviarte la cotizaci\u00f3n ajustada a tus necesidades.<\/p>\n<p><strong>10. \u00bfCu\u00e1ntos a\u00f1os de garant\u00eda tiene el sistema?<\/strong><br \/> &#8211; Con Kiin Energy cuentas con un a\u00f1o de garant\u00eda en todos los componentes del equipo solar fotovoltaico.<br \/> &#8211; 10 a\u00f1os por defecto de f\u00e1brica en paneles solares<br \/> &#8211; 10 a\u00f1os en los inversores y micro inversores<br \/> &#8211; 10 a\u00f1os de garant\u00eda en la estructura solar fotovoltaica.<\/p>\n<p><strong>11. \u00bfCu\u00e1les son las opciones de pago?<\/strong><br \/> &#8211; Puede ser de contado, con financiamiento o un plan de pago en parcialidades. Costco (cr\u00e9dito, d\u00e9bito o efectivo o plataforma).<\/p>\n<p><strong>12. \u00bfQu\u00e9 pasa en la noche cuando mis paneles solares no generan energ\u00eda?<\/strong><br \/> &#8211; Durante la noche se interconecta a CFE<\/p>\n<p><strong>13. \u00bfEn d\u00edas nublados se produce energ\u00eda?<\/strong><br \/> &#8211; Los paneles solares fotovoltaicos si generan energ\u00eda en d\u00edas nublados, aunque son m\u00e1s eficientes cuando reciben la luz solar directa.<\/p>\n<p><strong>14. \u00bfVale la pena gastar en paneles solares?<\/strong><br \/> &#8211; M\u00e1s que un gasto, es una inversi\u00f3n ya que el retorno de inversi\u00f3n es de 3 a 5 a\u00f1os en una casa y el recibo de CFE bajar\u00eda.<\/p>\n<p><strong>15. \u00bfC\u00f3mo interpretar el monitor de mi sistema?<\/strong><br \/> a. Nuestra \u00e1rea de monitoreo le brindar\u00e1 la ayuda necesaria para poder interpretar sus datos en su aplicaci\u00f3n m\u00f3vil.<\/p>\n<p><strong>16. \u00bfQu\u00e9 mantenimiento requiere el sistema fotovoltaico?<\/strong><br \/> &#8211; El sistema fotovoltaico, basta con limpiarlos dos veces al a\u00f1o para retirar el polvo, no es necesario que se haga con m\u00e1s frecuencia ya que las lluvias tambi\u00e9n ayudan a mantenerlos limpios.<\/p>\n<p><strong>17. \u00bfCu\u00e1l es la vida \u00fatil de un panel solar?<\/strong><br \/> &#8211; 25 a\u00f1os de generaci\u00f3n de energ\u00eda en su m\u00e1xima eficiencia.<\/p>\n<p><strong>18. \u00bfCFE me va a pagar si genero m\u00e1s energ\u00eda de la que utilizo?<\/strong><br \/> a. Por el momento no est\u00e1 permitida la venta de energ\u00eda excedente<\/p>\n[\/et_pb_text][\/et_pb_column][\/et_pb_row][\/et_pb_section][et_pb_section fb_built=&#8221;1&#8243; _builder_version=&#8221;3.19.10&#8243; background_color=&#8221;#232323&#8243; custom_padding=&#8221;0|0px|0|0px|false|false&#8221; global_module=&#8221;672&#8243;][et_pb_row custom_padding=&#8221;40px|0px|40px|0px|false|false&#8221; _builder_version=&#8221;3.19.10&#8243;][et_pb_column type=&#8221;2_3&#8243; _builder_version=&#8221;3.19.10&#8243; parallax=&#8221;off&#8221; parallax_method=&#8221;on&#8221;][et_pb_image src=&#8221;https:\/\/kiin.com.mx\/en\/wp-content\/uploads\/sites\/4\/2019\/04\/logo.svg&#8221; _builder_version=&#8221;3.19.10&#8243; max_width=&#8221;60%&#8221; module_alignment=&#8221;center&#8221; custom_margin=&#8221;30px||&#8221;][\/et_pb_image][\/et_pb_column][et_pb_column type=&#8221;1_3&#8243; _builder_version=&#8221;3.19.10&#8243; parallax=&#8221;off&#8221; parallax_method=&#8221;on&#8221;][et_pb_image src=&#8221;https:\/\/kiin.com.mx\/en\/wp-content\/uploads\/sites\/4\/2019\/04\/9001.svg&#8221; _builder_version=&#8221;3.19.10&#8243; max_width=&#8221;45%&#8221; module_alignment=&#8221;center&#8221;][\/et_pb_image][\/et_pb_column][\/et_pb_row][\/et_pb_section]\n","protected":false},"excerpt":{"rendered":"<p>1. \u00bfPor qu\u00e9 necesitan mi recibo para realizar la cotizaci\u00f3n? &#8211; Necesitamos su recibo para ver el historial de consumo energ\u00e9tico y poder proponer un sistema que se adec\u00fae a sus necesidades. 2. \u00bfPor qu\u00e9 est\u00e1n aliados con Costco? a. Gracias a nuestra alta calidad en nuestros productos, nuestras certificaciones en nuestro equipo de instalaci\u00f3n [&hellip;]<\/p>\n","protected":false},"author":1,"featured_media":0,"parent":0,"menu_order":0,"comment_status":"closed","ping_status":"closed","template":"","meta":{"_acf_changed":false,"pgc_meta":"","_et_pb_use_builder":"on","_et_pb_old_content":"","_et_gb_content_width":"","_joinchat":[],"footnotes":""},"class_list":["post-966","page","type-page","status-publish","hentry"],"acf":[],"pgc_meta":"","yoast_head":"<!-- This site is optimized with the Yoast SEO plugin v24.5 - https:\/\/yoast.com\/wordpress\/plugins\/seo\/ -->\n<title>Preguntas Frecuentes - Kiin Energy | Sustainable Energy Technology<\/title>\n<meta name=\"robots\" content=\"index, follow, max-snippet:-1, max-image-preview:large, max-video-preview:-1\" \/>\n<link rel=\"canonical\" href=\"https:\/\/kiin.com.mx\/en\/preguntas-frecuentes\/\" \/>\n<meta property=\"og:locale\" content=\"es_MX\" \/>\n<meta property=\"og:type\" content=\"article\" \/>\n<meta property=\"og:title\" content=\"Preguntas Frecuentes - Kiin Energy | Sustainable Energy Technology\" \/>\n<meta property=\"og:description\" content=\"1. \u00bfPor qu\u00e9 necesitan mi recibo para realizar la cotizaci\u00f3n? - Necesitamos su recibo para ver el historial de consumo energ\u00e9tico y poder proponer un sistema que se adec\u00fae a sus necesidades. 2. \u00bfPor qu\u00e9 est\u00e1n aliados con Costco? a. Gracias a nuestra alta calidad en nuestros productos, nuestras certificaciones en nuestro equipo de instalaci\u00f3n [&hellip;]\" \/>\n<meta property=\"og:url\" content=\"https:\/\/kiin.com.mx\/en\/preguntas-frecuentes\/\" \/>\n<meta property=\"og:site_name\" content=\"Kiin Energy | Sustainable Energy Technology\" \/>\n<meta property=\"article:modified_time\" content=\"2019-05-20T06:55:37+00:00\" \/>\n<meta name=\"twitter:card\" content=\"summary_large_image\" \/>\n<meta name=\"twitter:label1\" content=\"Tiempo de lectura\" \/>\n\t<meta name=\"twitter:data1\" content=\"5 minutos\" \/>\n<script type=\"application\/ld+json\" class=\"yoast-schema-graph\">{\"@context\":\"https:\/\/schema.org\",\"@graph\":[{\"@type\":\"WebPage\",\"@id\":\"https:\/\/kiin.com.mx\/en\/preguntas-frecuentes\/\",\"url\":\"https:\/\/kiin.com.mx\/en\/preguntas-frecuentes\/\",\"name\":\"Preguntas Frecuentes - Kiin Energy | Sustainable Energy Technology\",\"isPartOf\":{\"@id\":\"https:\/\/kiin.com.mx\/en\/#website\"},\"datePublished\":\"2019-05-20T06:43:06+00:00\",\"dateModified\":\"2019-05-20T06:55:37+00:00\",\"breadcrumb\":{\"@id\":\"https:\/\/kiin.com.mx\/en\/preguntas-frecuentes\/#breadcrumb\"},\"inLanguage\":\"es\",\"potentialAction\":[{\"@type\":\"ReadAction\",\"target\":[\"https:\/\/kiin.com.mx\/en\/preguntas-frecuentes\/\"]}]},{\"@type\":\"BreadcrumbList\",\"@id\":\"https:\/\/kiin.com.mx\/en\/preguntas-frecuentes\/#breadcrumb\",\"itemListElement\":[{\"@type\":\"ListItem\",\"position\":1,\"name\":\"Inicio\",\"item\":\"https:\/\/kiin.com.mx\/en\/\"},{\"@type\":\"ListItem\",\"position\":2,\"name\":\"Preguntas Frecuentes\"}]},{\"@type\":\"WebSite\",\"@id\":\"https:\/\/kiin.com.mx\/en\/#website\",\"url\":\"https:\/\/kiin.com.mx\/en\/\",\"name\":\"Kiin Energy | Sustainable Energy Technology\",\"description\":\"Sustainable Energy Technology\",\"potentialAction\":[{\"@type\":\"SearchAction\",\"target\":{\"@type\":\"EntryPoint\",\"urlTemplate\":\"https:\/\/kiin.com.mx\/en\/?s={search_term_string}\"},\"query-input\":{\"@type\":\"PropertyValueSpecification\",\"valueRequired\":true,\"valueName\":\"search_term_string\"}}],\"inLanguage\":\"es\"}]}<\/script>\n<!-- \/ Yoast SEO plugin. -->","yoast_head_json":{"title":"Preguntas Frecuentes - Kiin Energy | Sustainable Energy Technology","robots":{"index":"index","follow":"follow","max-snippet":"max-snippet:-1","max-image-preview":"max-image-preview:large","max-video-preview":"max-video-preview:-1"},"canonical":"https:\/\/kiin.com.mx\/en\/preguntas-frecuentes\/","og_locale":"es_MX","og_type":"article","og_title":"Preguntas Frecuentes - Kiin Energy | Sustainable Energy Technology","og_description":"1. \u00bfPor qu\u00e9 necesitan mi recibo para realizar la cotizaci\u00f3n? - Necesitamos su recibo para ver el historial de consumo energ\u00e9tico y poder proponer un sistema que se adec\u00fae a sus necesidades. 2. \u00bfPor qu\u00e9 est\u00e1n aliados con Costco? a. Gracias a nuestra alta calidad en nuestros productos, nuestras certificaciones en nuestro equipo de instalaci\u00f3n [&hellip;]","og_url":"https:\/\/kiin.com.mx\/en\/preguntas-frecuentes\/","og_site_name":"Kiin Energy | Sustainable Energy Technology","article_modified_time":"2019-05-20T06:55:37+00:00","twitter_card":"summary_large_image","twitter_misc":{"Tiempo de lectura":"5 minutos"},"schema":{"@context":"https:\/\/schema.org","@graph":[{"@type":"WebPage","@id":"https:\/\/kiin.com.mx\/en\/preguntas-frecuentes\/","url":"https:\/\/kiin.com.mx\/en\/preguntas-frecuentes\/","name":"Preguntas Frecuentes - Kiin Energy | Sustainable Energy Technology","isPartOf":{"@id":"https:\/\/kiin.com.mx\/en\/#website"},"datePublished":"2019-05-20T06:43:06+00:00","dateModified":"2019-05-20T06:55:37+00:00","breadcrumb":{"@id":"https:\/\/kiin.com.mx\/en\/preguntas-frecuentes\/#breadcrumb"},"inLanguage":"es","potentialAction":[{"@type":"ReadAction","target":["https:\/\/kiin.com.mx\/en\/preguntas-frecuentes\/"]}]},{"@type":"BreadcrumbList","@id":"https:\/\/kiin.com.mx\/en\/preguntas-frecuentes\/#breadcrumb","itemListElement":[{"@type":"ListItem","position":1,"name":"Inicio","item":"https:\/\/kiin.com.mx\/en\/"},{"@type":"ListItem","position":2,"name":"Preguntas Frecuentes"}]},{"@type":"WebSite","@id":"https:\/\/kiin.com.mx\/en\/#website","url":"https:\/\/kiin.com.mx\/en\/","name":"Kiin Energy | Sustainable Energy Technology","description":"Sustainable Energy Technology","potentialAction":[{"@type":"SearchAction","target":{"@type":"EntryPoint","urlTemplate":"https:\/\/kiin.com.mx\/en\/?s={search_term_string}"},"query-input":{"@type":"PropertyValueSpecification","valueRequired":true,"valueName":"search_term_string"}}],"inLanguage":"es"}]}},"_links":{"self":[{"href":"https:\/\/kiin.com.mx\/en\/wp-json\/wp\/v2\/pages\/966","targetHints":{"allow":["GET"]}}],"collection":[{"href":"https:\/\/kiin.com.mx\/en\/wp-json\/wp\/v2\/pages"}],"about":[{"href":"https:\/\/kiin.com.mx\/en\/wp-json\/wp\/v2\/types\/page"}],"author":[{"embeddable":true,"href":"https:\/\/kiin.com.mx\/en\/wp-json\/wp\/v2\/users\/1"}],"replies":[{"embeddable":true,"href":"https:\/\/kiin.com.mx\/en\/wp-json\/wp\/v2\/comments?post=966"}],"version-history":[{"count":6,"href":"https:\/\/kiin.com.mx\/en\/wp-json\/wp\/v2\/pages\/966\/revisions"}],"predecessor-version":[{"id":973,"href":"https:\/\/kiin.com.mx\/en\/wp-json\/wp\/v2\/pages\/966\/revisions\/973"}],"wp:attachment":[{"href":"https:\/\/kiin.com.mx\/en\/wp-json\/wp\/v2\/media?parent=966"}],"curies":[{"name":"wp","href":"https:\/\/api.w.org\/{rel}","templated":true}]}}