{"id":975,"date":"2019-05-20T07:02:32","date_gmt":"2019-05-20T07:02:32","guid":{"rendered":"https:\/\/kiin.com.mx\/en\/?page_id=975"},"modified":"2019-05-20T07:12:13","modified_gmt":"2019-05-20T07:12:13","slug":"politica-de-calidad","status":"publish","type":"page","link":"https:\/\/kiin.com.mx\/en\/politica-de-calidad\/","title":{"rendered":"Pol\u00edtica de Calidad"},"content":{"rendered":"<p>[et_pb_section fb_built=&#8221;1&#8243; fullwidth=&#8221;on&#8221; next_background_color=&#8221;#ffffff&#8221; _builder_version=&#8221;3.22.3&#8243; background_image=&#8221;https:\/\/kiin.com.mx\/en\/wp-content\/uploads\/sites\/4\/2019\/04\/alternative-alternative-energy-clean-energy-421888.jpg&#8221; parallax=&#8221;on&#8221; bottom_divider_style=&#8221;wave2&#8243;][et_pb_fullwidth_header title=&#8221;POL\u00cdTICA DE CALIDAD&#8221; text_orientation=&#8221;center&#8221; content_max_width=&#8221;60%&#8221; content_max_width_tablet=&#8221;60%&#8221; content_max_width_phone=&#8221;100%&#8221; content_max_width_last_edited=&#8221;on|phone&#8221; _builder_version=&#8221;3.22.7&#8243; title_font=&#8221;Montserrat|700||on|||||&#8221; title_font_size=&#8221;36px&#8221; content_font=&#8221;Lato||||||||&#8221; content_font_size=&#8221;19px&#8221; subhead_font=&#8221;Montserrat|700||on|||||&#8221; subhead_font_size=&#8221;20px&#8221; background_color=&#8221;rgba(126,190,197,0)&#8221; use_background_color_gradient=&#8221;on&#8221; background_color_gradient_start=&#8221;#794150&#8243; background_color_gradient_end=&#8221;rgba(223,123,54,0.7)&#8221; background_color_gradient_direction=&#8221;154deg&#8221; background_color_gradient_overlays_image=&#8221;on&#8221; parallax=&#8221;on&#8221; custom_padding=&#8221;70px||100px||false&#8221; custom_css_subtitle=&#8221;margin-bottom:10px;&#8221;][\/et_pb_fullwidth_header][\/et_pb_section][et_pb_section fb_built=&#8221;1&#8243; next_background_color=&#8221;#232323&#8243; _builder_version=&#8221;3.22.7&#8243; bottom_divider_style=&#8221;wave2&#8243; bottom_divider_height=&#8221;56px&#8221;][et_pb_row custom_padding=&#8221;27px|0px|96px|0px|false|false&#8221; _builder_version=&#8221;3.22.7&#8243;][et_pb_column type=&#8221;4_4&#8243; _builder_version=&#8221;3.19.10&#8243;][et_pb_text _builder_version=&#8221;3.22.7&#8243; text_font=&#8221;Montserrat||||||||&#8221; text_font_size=&#8221;16px&#8221;]<\/p>\n<p><strong>En Kiin Energy estamos comprometidos a trabajar bajo est\u00e1ndares de calidad, enfocados en los siguientes principios:<\/strong><\/p>\n<p><span style=\"font-weight: 400;\"><\/span><\/p>\n<ol>\n<li style=\"font-weight: 400;\"><span style=\"font-weight: 400;\">Satisfacer la creciente necesidad energ\u00e9tica de nuestros clientes.<\/span><\/li>\n<li style=\"font-weight: 400;\"><span style=\"font-weight: 400;\">Dise\u00f1ar, desarrollar y proveer soluciones sustentables con tecnolog\u00edas de la m\u00e1s alta calidad a cualquier escala.<\/span><\/li>\n<li style=\"font-weight: 400;\"><span style=\"font-weight: 400;\">Formar nuestro personal para brindar un servicio de calidad, con la finalidad de ser l\u00edderes en el segmento de energ\u00eda a nivel nacional.<\/span><\/li>\n<li style=\"font-weight: 400;\"><span style=\"font-weight: 400;\">Implementar y mantener una constante evaluaci\u00f3n de nuestros proveedores y contratistas con la finalidad de obtener productos de calidad.<\/span><\/li>\n<\/ol>\n<p>[\/et_pb_text][\/et_pb_column][\/et_pb_row][\/et_pb_section][et_pb_section fb_built=&#8221;1&#8243; _builder_version=&#8221;3.19.10&#8243; background_color=&#8221;#232323&#8243; custom_padding=&#8221;0|0px|0|0px|false|false&#8221; global_module=&#8221;672&#8243;][et_pb_row custom_padding=&#8221;40px|0px|40px|0px|false|false&#8221; _builder_version=&#8221;3.22.3&#8243;][et_pb_column type=&#8221;2_3&#8243; _builder_version=&#8221;3.19.10&#8243;][et_pb_image src=&#8221;https:\/\/kiin.com.mx\/en\/wp-content\/uploads\/sites\/4\/2019\/04\/logo.svg&#8221; _builder_version=&#8221;3.19.10&#8243; max_width=&#8221;60%&#8221; module_alignment=&#8221;center&#8221; custom_margin=&#8221;30px||&#8221;][\/et_pb_image][\/et_pb_column][et_pb_column type=&#8221;1_3&#8243; _builder_version=&#8221;3.19.10&#8243;][et_pb_image src=&#8221;https:\/\/kiin.com.mx\/en\/wp-content\/uploads\/sites\/4\/2019\/04\/9001.svg&#8221; _builder_version=&#8221;3.19.10&#8243; max_width=&#8221;45%&#8221; module_alignment=&#8221;center&#8221;][\/et_pb_image][\/et_pb_column][\/et_pb_row][\/et_pb_section]<\/p>\n","protected":false},"excerpt":{"rendered":"<p>En Kiin Energy estamos comprometidos a trabajar bajo est\u00e1ndares de calidad, enfocados en los siguientes principios: Satisfacer la creciente necesidad energ\u00e9tica de nuestros clientes. Dise\u00f1ar, desarrollar y proveer soluciones sustentables con tecnolog\u00edas de la m\u00e1s alta calidad a cualquier escala. Formar nuestro personal para brindar un servicio de calidad, con la finalidad de ser l\u00edderes [&hellip;]<\/p>\n","protected":false},"author":1,"featured_media":0,"parent":0,"menu_order":0,"comment_status":"closed","ping_status":"closed","template":"","meta":{"_acf_changed":false,"pgc_meta":"","_et_pb_use_builder":"on","_et_pb_old_content":"","_et_gb_content_width":"","_joinchat":[],"footnotes":""},"class_list":["post-975","page","type-page","status-publish","hentry"],"acf":[],"pgc_meta":"","yoast_head":"<!-- This site is optimized with the Yoast SEO plugin v24.5 - https:\/\/yoast.com\/wordpress\/plugins\/seo\/ -->\n<title>Pol\u00edtica de Calidad - Kiin Energy | Sustainable Energy Technology<\/title>\n<meta name=\"robots\" content=\"index, follow, max-snippet:-1, max-image-preview:large, max-video-preview:-1\" \/>\n<link rel=\"canonical\" href=\"https:\/\/kiin.com.mx\/en\/politica-de-calidad\/\" \/>\n<meta property=\"og:locale\" content=\"es_MX\" \/>\n<meta property=\"og:type\" content=\"article\" \/>\n<meta property=\"og:title\" content=\"Pol\u00edtica de Calidad - Kiin Energy | Sustainable Energy Technology\" \/>\n<meta property=\"og:description\" content=\"En Kiin Energy estamos comprometidos a trabajar bajo est\u00e1ndares de calidad, enfocados en los siguientes principios: Satisfacer la creciente necesidad energ\u00e9tica de nuestros clientes. Dise\u00f1ar, desarrollar y proveer soluciones sustentables con tecnolog\u00edas de la m\u00e1s alta calidad a cualquier escala. Formar nuestro personal para brindar un servicio de calidad, con la finalidad de ser l\u00edderes [&hellip;]\" \/>\n<meta property=\"og:url\" content=\"https:\/\/kiin.com.mx\/en\/politica-de-calidad\/\" \/>\n<meta property=\"og:site_name\" content=\"Kiin Energy | Sustainable Energy Technology\" \/>\n<meta property=\"article:modified_time\" content=\"2019-05-20T07:12:13+00:00\" \/>\n<meta name=\"twitter:card\" content=\"summary_large_image\" \/>\n<meta name=\"twitter:label1\" content=\"Tiempo de lectura\" \/>\n\t<meta name=\"twitter:data1\" content=\"2 minutos\" \/>\n<script type=\"application\/ld+json\" class=\"yoast-schema-graph\">{\"@context\":\"https:\/\/schema.org\",\"@graph\":[{\"@type\":\"WebPage\",\"@id\":\"https:\/\/kiin.com.mx\/en\/politica-de-calidad\/\",\"url\":\"https:\/\/kiin.com.mx\/en\/politica-de-calidad\/\",\"name\":\"Pol\u00edtica de Calidad - Kiin Energy | Sustainable Energy Technology\",\"isPartOf\":{\"@id\":\"https:\/\/kiin.com.mx\/en\/#website\"},\"datePublished\":\"2019-05-20T07:02:32+00:00\",\"dateModified\":\"2019-05-20T07:12:13+00:00\",\"breadcrumb\":{\"@id\":\"https:\/\/kiin.com.mx\/en\/politica-de-calidad\/#breadcrumb\"},\"inLanguage\":\"es\",\"potentialAction\":[{\"@type\":\"ReadAction\",\"target\":[\"https:\/\/kiin.com.mx\/en\/politica-de-calidad\/\"]}]},{\"@type\":\"BreadcrumbList\",\"@id\":\"https:\/\/kiin.com.mx\/en\/politica-de-calidad\/#breadcrumb\",\"itemListElement\":[{\"@type\":\"ListItem\",\"position\":1,\"name\":\"Inicio\",\"item\":\"https:\/\/kiin.com.mx\/en\/\"},{\"@type\":\"ListItem\",\"position\":2,\"name\":\"Pol\u00edtica de Calidad\"}]},{\"@type\":\"WebSite\",\"@id\":\"https:\/\/kiin.com.mx\/en\/#website\",\"url\":\"https:\/\/kiin.com.mx\/en\/\",\"name\":\"Kiin Energy | Sustainable Energy Technology\",\"description\":\"Sustainable Energy Technology\",\"potentialAction\":[{\"@type\":\"SearchAction\",\"target\":{\"@type\":\"EntryPoint\",\"urlTemplate\":\"https:\/\/kiin.com.mx\/en\/?s={search_term_string}\"},\"query-input\":{\"@type\":\"PropertyValueSpecification\",\"valueRequired\":true,\"valueName\":\"search_term_string\"}}],\"inLanguage\":\"es\"}]}<\/script>\n<!-- \/ Yoast SEO plugin. -->","yoast_head_json":{"title":"Pol\u00edtica de Calidad - Kiin Energy | Sustainable Energy Technology","robots":{"index":"index","follow":"follow","max-snippet":"max-snippet:-1","max-image-preview":"max-image-preview:large","max-video-preview":"max-video-preview:-1"},"canonical":"https:\/\/kiin.com.mx\/en\/politica-de-calidad\/","og_locale":"es_MX","og_type":"article","og_title":"Pol\u00edtica de Calidad - Kiin Energy | Sustainable Energy Technology","og_description":"En Kiin Energy estamos comprometidos a trabajar bajo est\u00e1ndares de calidad, enfocados en los siguientes principios: Satisfacer la creciente necesidad energ\u00e9tica de nuestros clientes. Dise\u00f1ar, desarrollar y proveer soluciones sustentables con tecnolog\u00edas de la m\u00e1s alta calidad a cualquier escala. Formar nuestro personal para brindar un servicio de calidad, con la finalidad de ser l\u00edderes [&hellip;]","og_url":"https:\/\/kiin.com.mx\/en\/politica-de-calidad\/","og_site_name":"Kiin Energy | Sustainable Energy Technology","article_modified_time":"2019-05-20T07:12:13+00:00","twitter_card":"summary_large_image","twitter_misc":{"Tiempo de lectura":"2 minutos"},"schema":{"@context":"https:\/\/schema.org","@graph":[{"@type":"WebPage","@id":"https:\/\/kiin.com.mx\/en\/politica-de-calidad\/","url":"https:\/\/kiin.com.mx\/en\/politica-de-calidad\/","name":"Pol\u00edtica de Calidad - Kiin Energy | Sustainable Energy Technology","isPartOf":{"@id":"https:\/\/kiin.com.mx\/en\/#website"},"datePublished":"2019-05-20T07:02:32+00:00","dateModified":"2019-05-20T07:12:13+00:00","breadcrumb":{"@id":"https:\/\/kiin.com.mx\/en\/politica-de-calidad\/#breadcrumb"},"inLanguage":"es","potentialAction":[{"@type":"ReadAction","target":["https:\/\/kiin.com.mx\/en\/politica-de-calidad\/"]}]},{"@type":"BreadcrumbList","@id":"https:\/\/kiin.com.mx\/en\/politica-de-calidad\/#breadcrumb","itemListElement":[{"@type":"ListItem","position":1,"name":"Inicio","item":"https:\/\/kiin.com.mx\/en\/"},{"@type":"ListItem","position":2,"name":"Pol\u00edtica de Calidad"}]},{"@type":"WebSite","@id":"https:\/\/kiin.com.mx\/en\/#website","url":"https:\/\/kiin.com.mx\/en\/","name":"Kiin Energy | Sustainable Energy Technology","description":"Sustainable Energy Technology","potentialAction":[{"@type":"SearchAction","target":{"@type":"EntryPoint","urlTemplate":"https:\/\/kiin.com.mx\/en\/?s={search_term_string}"},"query-input":{"@type":"PropertyValueSpecification","valueRequired":true,"valueName":"search_term_string"}}],"inLanguage":"es"}]}},"_links":{"self":[{"href":"https:\/\/kiin.com.mx\/en\/wp-json\/wp\/v2\/pages\/975","targetHints":{"allow":["GET"]}}],"collection":[{"href":"https:\/\/kiin.com.mx\/en\/wp-json\/wp\/v2\/pages"}],"about":[{"href":"https:\/\/kiin.com.mx\/en\/wp-json\/wp\/v2\/types\/page"}],"author":[{"embeddable":true,"href":"https:\/\/kiin.com.mx\/en\/wp-json\/wp\/v2\/users\/1"}],"replies":[{"embeddable":true,"href":"https:\/\/kiin.com.mx\/en\/wp-json\/wp\/v2\/comments?post=975"}],"version-history":[{"count":2,"href":"https:\/\/kiin.com.mx\/en\/wp-json\/wp\/v2\/pages\/975\/revisions"}],"predecessor-version":[{"id":978,"href":"https:\/\/kiin.com.mx\/en\/wp-json\/wp\/v2\/pages\/975\/revisions\/978"}],"wp:attachment":[{"href":"https:\/\/kiin.com.mx\/en\/wp-json\/wp\/v2\/media?parent=975"}],"curies":[{"name":"wp","href":"https:\/\/api.w.org\/{rel}","templated":true}]}}